{"id":824,"date":"2024-02-15T19:29:31","date_gmt":"2024-02-15T19:29:31","guid":{"rendered":"https:\/\/fkglobaltrading.com\/?post_type=product&#038;p=824"},"modified":"2024-02-16T03:42:10","modified_gmt":"2024-02-16T03:42:10","slug":"nescafe-cappuccino","status":"publish","type":"product","link":"https:\/\/fkglobaltrading.com\/?product=nescafe-cappuccino","title":{"rendered":"Nescaf\u00e9 cappuccino"},"content":{"rendered":"<div>\n<h2>For our , Nescafe Coffee we have the following:<\/h2>\n<p>1.NESCAF\u00c9 Classic<\/p>\n<p>2.NESCAF\u00c9 Classic Decaf<\/p>\n<p>3.NESCAF\u00c9 GOLD<\/p>\n<p>4.NESCAF\u00c9 GOLD Decaf<\/p>\n<p>5.NESCAF\u00c9 GOLD Crema<\/p>\n<p>6.NESCAF\u00c9 GOLD Origins Colombia<\/p>\n<p>7.NESCAF\u00c9 GOLD Origins Uganda-Kenya<\/p>\n<p>8.NESCAF\u00c9 GOLD Espresso<\/p>\n<p>9. NESCAF\u00c9 GOLD Cappuccino<\/p>\n<p>10.NESCAF\u00c9 GOLD Latte<\/p>\n<p>11. NESCAF\u00c9 GOLD Mocha<\/p>\n<p><strong>NB: Contact us with your FULL CONTACT INFORMATION AND EMAIL<\/strong><\/p>\n<p>Our policy is to satisfy our customers and maintain a long-term business relationship. Punctuality, integrity and ethical practices form the basis of our core values and customer satisfaction is our ultimate goal.<\/p>\n<\/div>\n","protected":false},"excerpt":{"rendered":"<p>For our , Nescafe Coffee we have the following: 1.NESCAF\u00c9 Classic 2.NESCAF\u00c9 Classic Decaf 3.NESCAF\u00c9 GOLD 4.NESCAF\u00c9 GOLD Decaf 5.NESCAF\u00c9 GOLD Crema 6.NESCAF\u00c9 GOLD Origins Colombia 7.NESCAF\u00c9 GOLD Origins Uganda-Kenya 8.NESCAF\u00c9 GOLD Espresso 9. NESCAF\u00c9 GOLD Cappuccino 10.NESCAF\u00c9 GOLD Latte 11. NESCAF\u00c9 GOLD Mocha NB: Contact us with your FULL CONTACT INFORMATION AND EMAIL Our [&#8230;]\n","protected":false},"featured_media":825,"comment_status":"open","ping_status":"closed","template":"","meta":[],"product_brand":[],"product_cat":[61],"product_tag":[],"class_list":{"0":"post-824","1":"product","2":"type-product","3":"status-publish","4":"has-post-thumbnail","6":"product_cat-nescafe","8":"first","9":"instock","10":"featured","11":"shipping-taxable","12":"product-type-simple"},"_links":{"self":[{"href":"https:\/\/fkglobaltrading.com\/index.php?rest_route=\/wp\/v2\/product\/824","targetHints":{"allow":["GET"]}}],"collection":[{"href":"https:\/\/fkglobaltrading.com\/index.php?rest_route=\/wp\/v2\/product"}],"about":[{"href":"https:\/\/fkglobaltrading.com\/index.php?rest_route=\/wp\/v2\/types\/product"}],"replies":[{"embeddable":true,"href":"https:\/\/fkglobaltrading.com\/index.php?rest_route=%2Fwp%2Fv2%2Fcomments&post=824"}],"wp:featuredmedia":[{"embeddable":true,"href":"https:\/\/fkglobaltrading.com\/index.php?rest_route=\/wp\/v2\/media\/825"}],"wp:attachment":[{"href":"https:\/\/fkglobaltrading.com\/index.php?rest_route=%2Fwp%2Fv2%2Fmedia&parent=824"}],"wp:term":[{"taxonomy":"product_brand","embeddable":true,"href":"https:\/\/fkglobaltrading.com\/index.php?rest_route=%2Fwp%2Fv2%2Fproduct_brand&post=824"},{"taxonomy":"product_cat","embeddable":true,"href":"https:\/\/fkglobaltrading.com\/index.php?rest_route=%2Fwp%2Fv2%2Fproduct_cat&post=824"},{"taxonomy":"product_tag","embeddable":true,"href":"https:\/\/fkglobaltrading.com\/index.php?rest_route=%2Fwp%2Fv2%2Fproduct_tag&post=824"}],"curies":[{"name":"wp","href":"https:\/\/api.w.org\/{rel}","templated":true}]}}